{"id":9,"date":"2016-04-28T22:23:28","date_gmt":"2016-04-28T22:23:28","guid":{"rendered":"http:\/\/epistemologia.com.br\/revista\/?page_id=9"},"modified":"2023-09-20T18:56:39","modified_gmt":"2023-09-20T21:56:39","slug":"sobre-a-revista","status":"publish","type":"page","link":"https:\/\/epistemologia.com.br\/revista\/sobre-a-revista","title":{"rendered":"Sobre a Revista"},"content":{"rendered":"<div class=\"kcite-section\" kcite-section-id=\"9\">\n<div id=\"attachment_1457\" style=\"width: 248px\" class=\"wp-caption alignleft\"><a href=\"https:\/\/i0.wp.com\/epistemologia.com.br\/revista\/wp-content\/uploads\/2016\/04\/logo_pub-1.png?ssl=1\"><img aria-describedby=\"caption-attachment-1457\" decoding=\"async\" loading=\"lazy\" class=\"wp-image-1457 size-full\" src=\"https:\/\/i0.wp.com\/epistemologia.com.br\/revista\/wp-content\/uploads\/2016\/04\/logo_pub-1.png?resize=248%2C198&#038;ssl=1\" alt=\"\" width=\"248\" height=\"198\" data-recalc-dims=\"1\" \/><\/a><p id=\"caption-attachment-1457\" class=\"wp-caption-text\">Logo da Revista Epistemologia, em dom\u00ednio p\u00fablico. Baseado em Diagrama de Venn da Wikimedia Commons.<\/p><\/div>\n<p style=\"text-align: justify;\">A Revista Epistemologia nasceu como um peri\u00f3dico independente para veicular os desenvolvimentos, as pesquisas, tradu\u00e7\u00f5es e afins na \u00e1rea de epistemologia &#8211; teoria do conhecimento e ci\u00eancia &#8211; bem como de suas interfaces (como metaf\u00edsica, ontologia, psicologia, hist\u00f3ria da ci\u00eancia etc).<\/p>\n<p style=\"text-align: justify;\">O acesso \u00e9 totalmente gratuito e suas publica\u00e7\u00f5es s\u00e3o semestrais. Os artigos publicados s\u00e3o enviados para colaboradores, que avaliam a qualidade dos mesmos e sinalizam a publica\u00e7\u00e3o. Todo n\u00famero h\u00e1 uma p\u00e1gina de expediente afixada demonstrando-os no quadro de colabora\u00e7\u00e3o.<\/p>\n<p>Para acesso, podem utilizar os links:<\/p>\n<ol>\n<li><a href=\"http:\/\/epistemologia.com.br\">epistemologia.com.br<\/a><\/li>\n<li><a href=\"http:\/\/academico.epistemologia.com.br\">academico.epistemologia.com.br<\/a><\/li>\n<\/ol>\n<p>Estamos indexados nas plataformas <em>Diadorim, OasisBr, Muiguilim <\/em>e na <em>Latindex<\/em>.<\/p>\n<p data-wp-editing=\"1\"><a href=\"http:\/\/diadorim.ibict.br\/handle\/1\/1350\"><img decoding=\"async\" loading=\"lazy\" class=\"alignnone\" src=\"https:\/\/i0.wp.com\/diadorim.ibict.br\/image\/diadorim.png?resize=321%2C123&#038;ssl=1\" alt=\"\" usemap=\"#mapa-brasil\" width=\"321\" height=\"123\" data-recalc-dims=\"1\" \/><\/a><\/p>\n<p data-wp-editing=\"1\"><img decoding=\"async\" loading=\"lazy\" class=\"alignleft size-medium wp-image-1860\" src=\"https:\/\/i0.wp.com\/epistemologia.com.br\/revista\/wp-content\/uploads\/2023\/05\/logo_latindex.png?resize=300%2C109&#038;ssl=1\" alt=\"\" width=\"300\" height=\"109\" srcset=\"https:\/\/i0.wp.com\/epistemologia.com.br\/revista\/wp-content\/uploads\/2023\/05\/logo_latindex.png?resize=300%2C109&amp;ssl=1 300w, https:\/\/i0.wp.com\/epistemologia.com.br\/revista\/wp-content\/uploads\/2023\/05\/logo_latindex.png?w=527&amp;ssl=1 527w\" sizes=\"(max-width: 300px) 100vw, 300px\" data-recalc-dims=\"1\" \/><\/p>\n<p>Para gerenciamento dos fluxos de artigos, submiss\u00f5es etc, acesse: <a href=\"http:\/\/academico.epistemologia.com.br\">http:\/\/academico.epistemologia.com.br<\/a><\/p>\n<p>&nbsp;<\/p>\n<p style=\"text-align: center;\"><strong>***<\/strong><\/p>\n<p style=\"text-align: justify;\">A Revista Epistemologia mant\u00e9m alguns princ\u00edpios declarados neste pequeno manifesto:<\/p>\n<p style=\"text-align: center;\"><strong>Manifesto da Revista Epistemologia<\/strong><\/p>\n<p>A Revista Epistemologia, torna p\u00fablico o edital para chamada de artigos. Este edital baseia-se no edital do n\u00famero 2 de 2017; acrescido de algumas altera\u00e7\u00f5es:<\/p>\n<ol>\n<li>Conforme o manifesto, publicado nesta mesma p\u00e1gina, esta publica\u00e7\u00e3o \u00e9 livre e prega a liberdade e gratuidade do conhecimento, atrav\u00e9s da publica\u00e7\u00e3o de artigos de uma forma otimizada com a utiliza\u00e7\u00e3o de tecnologias inform\u00e1ticas para garantir pleno acesso e distribui\u00e7\u00e3o; usando o processo de revis\u00e3o por pares.<\/li>\n<li>Busca a ampla divulga\u00e7\u00e3o do que se produz em filosofia\u00a0do conhecimento, filosofia da ci\u00eancia e cong\u00eaneres, publicando estudos e desenvolvimentos sobre a \u00e1rea.<\/li>\n<li>A Revista aceitar\u00e1 artigos in\u00e9ditos, resenhas de livros e tradu\u00e7\u00f5es que tenham como centro o estudo epistemol\u00f3gico ou correlacionado a este. Graduandos, P\u00f3s-graduandos (<em>stricto ou lato sensu<\/em>), professores e qualquer indiv\u00edduo envolvido com o desenvolvimento de quest\u00f5es filos\u00f3ficas, que tangenciem e preferencialmente adentrem, as quest\u00f5es epistemol\u00f3gicas (em toda a amplitude que o estudo epistemol\u00f3gico pode oferecer) s\u00e3o convidados a participar com a submiss\u00e3o de artigos.<\/li>\n<li>Os artigos, resenhas e afins submetidos \u00e0 Revista devem ter car\u00e1ter acad\u00eamico, desenvolvimento de conhecimento, elucida\u00e7\u00e3o pedag\u00f3gica etc. \u2014 enfim, devem contribuir academicamente. S\u00e3o desencorajados artigos meramente opinativos.<\/li>\n<li>Todos os que desenvolvem estudos filos\u00f3ficos que toquem a epistemologia, aqueles que desenvolvem uma pesquisa puramente epistemol\u00f3gica, professores e estudantes desta \u00e1rea, s\u00e3o escopo de nosso p\u00fablico. O nosso p\u00fablico \u00e9 composto por todos aqueles envolvidos no desenvolvimento de ideias e estudos epistemol\u00f3gicos.<\/li>\n<li>O terceiro e o quarto n\u00famero n\u00e3o possuem uma tem\u00e1tica central (n\u00e3o se tratam de dossi\u00eas).<\/li>\n<li>Os materiais enviados para publica\u00e7\u00e3o ser\u00e3o analisados, conforme as regras deste edital e seus autores contactados para informa\u00e7\u00e3o do prosseguimento de sua publica\u00e7\u00e3o \u2014 caso sejam aprovados para publica\u00e7\u00e3o.<\/li>\n<li>O corpo editorial contar\u00e1 com volunt\u00e1rios que fa\u00e7am a avalia\u00e7\u00e3o dos artigos submetidos, mediante sistemas de revis\u00f5es por pares.<\/li>\n<li>Ao submeter o artigo para a revista, o autor concorda que, se seu artigo (ou afim) for aprovado e publicado na Revista Epistemologia, ser\u00e1 atrav\u00e9s da licen\u00e7a <a href=\"http:\/\/creativecommons.org\/licenses\/by-nc-sa\/4.0\/\" rel=\"license\">Creative Commons \u2013 Atribui\u00e7\u00e3o-N\u00e3oComercial-CompartilhaIgual 4.0 Internacional<\/a>, cedendo o direito de publica\u00e7\u00e3o primeira para a Revista Epistemologia sob tal licen\u00e7a supracitada. A publica\u00e7\u00e3o pela Revista n\u00e3o \u00e9 remunerada.<\/li>\n<li>O processo de submiss\u00e3o \u00e9 feito atrav\u00e9s do envio do artigo para o sistema OJS da Revista em academico.epistemologia.com.br (ver na se\u00e7\u00e3o de &#8220;submiss\u00e3o&#8221;). Os artigos aceitos ser\u00e3o contactados informando tal <em>status.\u00a0<\/em>Por ventura pode ser solicitado aos selecionados preencherem um formul\u00e1rio digital.<\/li>\n<li>A submiss\u00e3o deve ser de trabalhos <strong>in\u00e9ditos<\/strong>, conforme crit\u00e9rios anteriores. Os trabalhos s\u00e3o analisados por softwares <strong>anti-pl\u00e1gio<\/strong>. A constata\u00e7\u00e3o de pl\u00e1gio elimina o artigo da avalia\u00e7\u00e3o e de sua poss\u00edvel publica\u00e7\u00e3o.<\/li>\n<\/ol>\n<p><em>Normas<\/em><\/p>\n<ol>\n<li>Os artigos\/tradu\u00e7\u00f5es\/resenhas devem ser submetidos no formato ODF (Open Document File), utilizado pelo aplicativo LibreOffice, Microsoft Office e afins (formato na extens\u00e3o \u201cODT\u201d).<\/li>\n<li>O formato para a p\u00e1gina dever\u00e1 ser em folhas A4;<\/li>\n<li>Espa\u00e7amento\u00a0entrelinhas de 1,5.<\/li>\n<li>Times New Roman ou Arial. Tamanho 12.<\/li>\n<li>Deve possuir resumo entre 300 a 600 palavras contendo breve descri\u00e7\u00e3o dos objetivos do artigo (caso artigo), os m\u00e9todos abordados (em s\u00edntese) e resultados. Solicitamos necessariamente o resumo em PORTUGU\u00caS. Solicitamos uma vers\u00e3o do resumo em outra l\u00edngua (como ingl\u00eas ou espanhol; necess\u00e1rio que seja um dos dois) e sugerimos que fa\u00e7a uma terceira vers\u00e3o em uma terceira l\u00edngua (a terceira n\u00e3o \u00e9 necess\u00e1ria, mas uma sugest\u00e3o).<\/li>\n<li>O trabalho deve ter, preferencialmente, a extens\u00e3o m\u00e1xima de 30 laudas. Trabalhos menores s\u00e3o aceitos. Trabalhos maiores ser\u00e3o avaliados sobre a possibilidade de sua publica\u00e7\u00e3o \u2013 podendo haver sugest\u00e3o aos autores a busca por publica\u00e7\u00e3o em Editoras que os aceitem como livros. <strong>Para casos acima de 30 laudas tamb\u00e9m podemos publicar em formato LIVRO, atrav\u00e9s de nossa plataforma de edi\u00e7\u00e3o n\u00e3o seriada (que pode ser acessada em <a href=\"https:\/\/cadernos.epistemologia.com.br\/\">https:\/\/cadernos.epistemologia.com.br\/<\/a>).<\/strong><\/li>\n<li>Dever\u00e1 conter refer\u00eancias bibliogr\u00e1ficas e cita\u00e7\u00f5es bibliogr\u00e1ficas conforme as regras vigentes da ABNT.<\/li>\n<li>\u00c9 importante a submiss\u00e3o de uma breve descri\u00e7\u00e3o biogr\u00e1fica, bem como de sua institui\u00e7\u00e3o de trabalho, estudo etc. (se poss\u00edvel hiperlink para Curr\u00edculo Lattes):\n<ol>\n<li>Deve-se conter\u00a0<em>nome, sobrenome, e-mail de contato, telefone de contato, informa\u00e7\u00e3o do tipo de artigo (artigo, resenha, resumo ou relat\u00f3rios de aula), resumo biogr\u00e1fico curricular, titula\u00e7\u00e3o, institui\u00e7\u00e3o vinculada\/trabalho, nome do artigo, resumo do artigo.<\/em><\/li>\n<\/ol>\n<\/li>\n<li><strong>Os trabalhos devem ser in\u00e9ditos.<\/strong><\/li>\n<li>Os trabalhos publicados dever\u00e3o estar em l\u00edngua portuguesa.<\/li>\n<li>A autoria do trabalho concorda com a permiss\u00e3o para a Revista Epistemologia publicar originalmente o trabalho apresentado \u2013 se aceito \u2013 n\u00e3o devendo ser publicado em outro peri\u00f3dico.<\/li>\n<li>O envio do artigo \u00e0 Revista n\u00e3o impede o envio para outro peri\u00f3dico, em caso de submiss\u00e3o rejeitada ou recomendada a n\u00e3o publica\u00e7\u00e3o por quest\u00f5es de escopo da revista. Neste caso solicitamos que aguardem o procedimento da Revista Epistemologia para uma eventual aprecia\u00e7\u00e3o do artigo em outras revistas (e sua eventual publica\u00e7\u00e3o). Neste sentido solicitamos que ao submeter o artigo \u00e0 Revista Epistemologia, aguardem os tr\u00e2mites. Solicitamos que avisem \u00e0 Revista Epistemologia caso o artigo esteja em processo em outro peri\u00f3dico para n\u00e3o conflitar com o quesito 11 deste edital. Assim que publicado pela Revista Epistemologia, o autor concorda com a publica\u00e7\u00e3o original por nossos meios.<\/li>\n<li>A submiss\u00e3o de artigo n\u00e3o gera expectativa de publica\u00e7\u00e3o. O artigo pode ter sua submiss\u00e3o cancelada caso n\u00e3o atenda aos crit\u00e9rios do presente edital, ou n\u00e3o sejam aprovados pelos pareceristas.<\/li>\n<li>N\u00e3o h\u00e1 um prazo definido para todo o tr\u00e2mite. Somos uma revista independente, com n\u00famero limitado de colaboradores e, neste sentido, a depender das demandas de artigos, an\u00e1lises, publica\u00e7\u00f5es etc., pode-se haver filas internas para an\u00e1lises e eventuais publica\u00e7\u00f5es nos n\u00fameros da Revista.<\/li>\n<\/ol>\n<p style=\"text-align: right;\"><em>\u00a0<\/em><\/p>\n<p style=\"text-align: justify;\"><a href=\"http:\/\/creativecommons.org\/licenses\/by-nc-sa\/4.0\/\" rel=\"license\"><img decoding=\"async\" style=\"border-width: 0;\" src=\"https:\/\/i0.wp.com\/i.creativecommons.org\/l\/by-nc-sa\/4.0\/88x31.png?w=1008&#038;ssl=1\" alt=\"Licen\u00e7a Creative Commons\" data-recalc-dims=\"1\" \/><\/a><br \/>\nRevista Epistemologia de <a href=\"epistemologia.com.br\" rel=\"cc:attributionURL\">epistemologia.com.br<\/a> est\u00e1 licenciada com uma Licen\u00e7a <a href=\"http:\/\/creativecommons.org\/licenses\/by-nc-sa\/4.0\/\" rel=\"license\">Creative Commons &#8211; Atribui\u00e7\u00e3o-N\u00e3oComercial-CompartilhaIgual 4.0 Internacional<\/a>.<\/p>\n<!-- kcite active, but no citations found -->\n<\/div> <!-- kcite-section 9 -->","protected":false},"excerpt":{"rendered":"<p>A Revista Epistemologia nasceu como um peri\u00f3dico independente para veicular os desenvolvimentos, as pesquisas, tradu\u00e7\u00f5es e afins na \u00e1rea de epistemologia &#8211; teoria do conhecimento e ci\u00eancia &#8211; bem como de suas interfaces (como metaf\u00edsica, ontologia, psicologia, hist\u00f3ria da ci\u00eancia etc). O acesso \u00e9 totalmente gratuito e suas publica\u00e7\u00f5es s\u00e3o semestrais. Os artigos publicados s\u00e3o [&hellip;]<\/p>\n","protected":false},"author":1,"featured_media":0,"parent":0,"menu_order":0,"comment_status":"closed","ping_status":"closed","template":"","meta":{"_bbp_topic_count":0,"_bbp_reply_count":0,"_bbp_total_topic_count":0,"_bbp_total_reply_count":0,"_bbp_voice_count":0,"_bbp_anonymous_reply_count":0,"_bbp_topic_count_hidden":0,"_bbp_reply_count_hidden":0,"_bbp_forum_subforum_count":0,"jetpack_post_was_ever_published":false},"aioseo_notices":[],"jetpack_sharing_enabled":true,"jetpack_shortlink":"https:\/\/wp.me\/P86Mw3-9","_links":{"self":[{"href":"https:\/\/epistemologia.com.br\/revista\/wp-json\/wp\/v2\/pages\/9"}],"collection":[{"href":"https:\/\/epistemologia.com.br\/revista\/wp-json\/wp\/v2\/pages"}],"about":[{"href":"https:\/\/epistemologia.com.br\/revista\/wp-json\/wp\/v2\/types\/page"}],"author":[{"embeddable":true,"href":"https:\/\/epistemologia.com.br\/revista\/wp-json\/wp\/v2\/users\/1"}],"replies":[{"embeddable":true,"href":"https:\/\/epistemologia.com.br\/revista\/wp-json\/wp\/v2\/comments?post=9"}],"version-history":[{"count":33,"href":"https:\/\/epistemologia.com.br\/revista\/wp-json\/wp\/v2\/pages\/9\/revisions"}],"predecessor-version":[{"id":1889,"href":"https:\/\/epistemologia.com.br\/revista\/wp-json\/wp\/v2\/pages\/9\/revisions\/1889"}],"wp:attachment":[{"href":"https:\/\/epistemologia.com.br\/revista\/wp-json\/wp\/v2\/media?parent=9"}],"curies":[{"name":"wp","href":"https:\/\/api.w.org\/{rel}","templated":true}]}}