{"id":825,"date":"2016-12-08T20:13:22","date_gmt":"2016-12-08T23:13:22","guid":{"rendered":"http:\/\/epistemologia.com.br\/revista\/?page_id=825"},"modified":"2017-03-15T14:26:58","modified_gmt":"2017-03-15T17:26:58","slug":"artigos-em-pre-release-contribuicao-da-comunidade","status":"publish","type":"page","link":"https:\/\/epistemologia.com.br\/revista\/revista-epistemologia\/artigos-em-pre-release-contribuicao-da-comunidade","title":{"rendered":"Artigos em pr\u00e9-release &#8211; contribui\u00e7\u00e3o da comunidade"},"content":{"rendered":"<div class=\"kcite-section\" kcite-section-id=\"825\">\n<p style=\"text-align: justify;\">Os artigos liberados como\u00a0<em>pr\u00e9-release\u00a0<\/em>s\u00e3o publicados sem uma indexa\u00e7\u00e3o de n\u00famero (edi\u00e7\u00e3o publicada). Artigos neste\u00a0<em>status<\/em> seguem ap\u00f3s uma aprecia\u00e7\u00e3o do corpo de colaboradores t\u00e9cnico-cient\u00edfico e est\u00e3o para uma avalia\u00e7\u00e3o p\u00fablica de pares.<\/p>\n<p style=\"text-align: justify;\">Os n\u00fameros publicados posteriormente indexam artigos que estejam em\u00a0<em>pr\u00e9-release<\/em>.<\/p>\n<p>Para informar, comentar etc, utilize o formul\u00e1rio a seguir.<\/p>\n<div data-test='contact-form' id='contact-form-825' class='wp-block-jetpack-contact-form-container '>\n<form action='https:\/\/epistemologia.com.br\/revista\/revista-epistemologia\/artigos-em-pre-release-contribuicao-da-comunidade#contact-form-825' method='post' class='contact-form commentsblock'>\n<script>\n\t\t\t( function () {\n\t\t\t\tconst contact_forms = document.getElementsByClassName('contact-form');\n\n\t\t\t\tfor ( const form of contact_forms ) {\n\t\t\t\t\tform.onsubmit = function() {\n\t\t\t\t\t\tconst buttons = form.getElementsByTagName('button');\n\n\t\t\t\t\t\tfor( const button of buttons ) {\n\t\t\t\t\t\t\tbutton.setAttribute('disabled', true);\n\t\t\t\t\t\t}\n\t\t\t\t\t}\n\t\t\t\t}\n\t\t\t} )();\n\t\t<\/script>\n<div style=\"\" class='grunion-field-name-wrap grunion-field-wrap'  >\n<label\n\t\t\t\tfor='g825-nome'\n\t\t\t\tclass='grunion-field-label name'\n\t\t\t\t>Nome<span>(obrigat\u00f3rio)<\/span><\/label>\n<input\n\t\t\t\t\ttype='text'\n\t\t\t\t\tname='g825-nome'\n\t\t\t\t\tid='g825-nome'\n\t\t\t\t\tvalue=''\n\t\t\t\t\tclass='name  grunion-field' \n\t\t\t\t\trequired aria-required='true' \/>\n\t<\/div>\n\n<div style=\"\" class='grunion-field-email-wrap grunion-field-wrap'  >\n<label\n\t\t\t\tfor='g825-email'\n\t\t\t\tclass='grunion-field-label email'\n\t\t\t\t>Email<span>(obrigat\u00f3rio)<\/span><\/label>\n<input\n\t\t\t\t\ttype='email'\n\t\t\t\t\tname='g825-email'\n\t\t\t\t\tid='g825-email'\n\t\t\t\t\tvalue=''\n\t\t\t\t\tclass='email  grunion-field' \n\t\t\t\t\trequired aria-required='true' \/>\n\t<\/div>\n\n<div style=\"\" class='grunion-field-url-wrap grunion-field-wrap'  >\n<label\n\t\t\t\tfor='g825-hiperlinklattes'\n\t\t\t\tclass='grunion-field-label url'\n\t\t\t\t>Hiperlink Lattes<\/label>\n<input\n\t\t\t\t\ttype='text'\n\t\t\t\t\tname='g825-hiperlinklattes'\n\t\t\t\t\tid='g825-hiperlinklattes'\n\t\t\t\t\tvalue=''\n\t\t\t\t\tclass='url  grunion-field' \n\t\t\t\t\ttitle=\"Digite um URL v\u00e1lido - https:\/\/www.exemplo.com\" oninvalid=\"setCustomValidity(&quot;Digite um URL v\u00e1lido - https:\/\/www.exemplo.com&quot;)\" oninput=\"setCustomValidity(&quot;&quot;)\" pattern=\"(([:\\\/a-zA-Z0-9_\\-]+)?(\\.[a-zA-Z0-9_\\-\\\/]+)+)\" data-type-override=\"url\"  \/>\n\t<\/div>\n\n<div style=\"\" class='grunion-field-text-wrap grunion-field-wrap'  >\n<label\n\t\t\t\tfor='g825-nomedoartigoacomentar'\n\t\t\t\tclass='grunion-field-label text'\n\t\t\t\t>Nome do artigo a comentar<span>(obrigat\u00f3rio)<\/span><\/label>\n<input\n\t\t\t\t\ttype='text'\n\t\t\t\t\tname='g825-nomedoartigoacomentar'\n\t\t\t\t\tid='g825-nomedoartigoacomentar'\n\t\t\t\t\tvalue=''\n\t\t\t\t\tclass='text  grunion-field' \n\t\t\t\t\trequired aria-required='true' \/>\n\t<\/div>\n\n<div style=\"\" class='grunion-field-name-wrap grunion-field-wrap'  >\n<label\n\t\t\t\tfor='g825-telefonedecontato'\n\t\t\t\tclass='grunion-field-label name'\n\t\t\t\t>Telefone de contato<\/label>\n<input\n\t\t\t\t\ttype='text'\n\t\t\t\t\tname='g825-telefonedecontato'\n\t\t\t\t\tid='g825-telefonedecontato'\n\t\t\t\t\tvalue=''\n\t\t\t\t\tclass='name  grunion-field' \n\t\t\t\t\t \/>\n\t<\/div>\n\n<div style=\"\" class='grunion-field-textarea-wrap grunion-field-wrap'  >\n<label\n\t\t\t\tfor='contact-form-comment-g825-comentrioeouavaliao'\n\t\t\t\tclass='grunion-field-label textarea'\n\t\t\t\t>Coment\u00e1rio e\/ou avalia\u00e7\u00e3o<span>(obrigat\u00f3rio)<\/span><\/label>\n<textarea\n\t\t                style=''\n\t\t                name='g825-comentrioeouavaliao'\n\t\t                id='contact-form-comment-g825-comentrioeouavaliao'\n\t\t                rows='20' class='textarea  grunion-field'  required aria-required='true'><\/textarea>\n\t<\/div>\n\t<p class='contact-submit'>\n\t\t<button type='submit' class='pushbutton-wide'>Enviar<\/button>\t\t<input type='hidden' name='contact-form-id' value='825' \/>\n\t\t<input type='hidden' name='action' value='grunion-contact-form' \/>\n\t\t<input type='hidden' name='contact-form-hash' value='070a8eabac446a631e15ad6a0889e3d3cd3c525f' \/>\n\t<\/p>\n<p style=\"display: none !important;\"><label>&#916;<textarea name=\"ak_hp_textarea\" cols=\"45\" rows=\"8\" maxlength=\"100\"><\/textarea><\/label><input type=\"hidden\" id=\"ak_js_1\" name=\"ak_js\" value=\"58\"\/><script>document.getElementById( \"ak_js_1\" ).setAttribute( \"value\", ( new Date() ).getTime() );<\/script><\/p><\/form>\n<\/div>\n<!-- kcite active, but no citations found -->\n<\/div> <!-- kcite-section 825 -->","protected":false},"excerpt":{"rendered":"<p>Os artigos liberados como\u00a0pr\u00e9-release\u00a0s\u00e3o publicados sem uma indexa\u00e7\u00e3o de n\u00famero (edi\u00e7\u00e3o publicada). Artigos neste\u00a0status seguem ap\u00f3s uma aprecia\u00e7\u00e3o do corpo de colaboradores t\u00e9cnico-cient\u00edfico e est\u00e3o para uma avalia\u00e7\u00e3o p\u00fablica de pares. Os n\u00fameros publicados posteriormente indexam artigos que estejam em\u00a0pr\u00e9-release. Para informar, comentar etc, utilize o formul\u00e1rio a seguir.<\/p>\n","protected":false},"author":1,"featured_media":0,"parent":51,"menu_order":1,"comment_status":"closed","ping_status":"closed","template":"","meta":{"_bbp_topic_count":0,"_bbp_reply_count":0,"_bbp_total_topic_count":0,"_bbp_total_reply_count":0,"_bbp_voice_count":0,"_bbp_anonymous_reply_count":0,"_bbp_topic_count_hidden":0,"_bbp_reply_count_hidden":0,"_bbp_forum_subforum_count":0,"jetpack_post_was_ever_published":false},"aioseo_notices":[],"jetpack_sharing_enabled":true,"jetpack_shortlink":"https:\/\/wp.me\/P86Mw3-dj","_links":{"self":[{"href":"https:\/\/epistemologia.com.br\/revista\/wp-json\/wp\/v2\/pages\/825"}],"collection":[{"href":"https:\/\/epistemologia.com.br\/revista\/wp-json\/wp\/v2\/pages"}],"about":[{"href":"https:\/\/epistemologia.com.br\/revista\/wp-json\/wp\/v2\/types\/page"}],"author":[{"embeddable":true,"href":"https:\/\/epistemologia.com.br\/revista\/wp-json\/wp\/v2\/users\/1"}],"replies":[{"embeddable":true,"href":"https:\/\/epistemologia.com.br\/revista\/wp-json\/wp\/v2\/comments?post=825"}],"version-history":[{"count":4,"href":"https:\/\/epistemologia.com.br\/revista\/wp-json\/wp\/v2\/pages\/825\/revisions"}],"predecessor-version":[{"id":1121,"href":"https:\/\/epistemologia.com.br\/revista\/wp-json\/wp\/v2\/pages\/825\/revisions\/1121"}],"up":[{"embeddable":true,"href":"https:\/\/epistemologia.com.br\/revista\/wp-json\/wp\/v2\/pages\/51"}],"wp:attachment":[{"href":"https:\/\/epistemologia.com.br\/revista\/wp-json\/wp\/v2\/media?parent=825"}],"curies":[{"name":"wp","href":"https:\/\/api.w.org\/{rel}","templated":true}]}}