{"id":650,"date":"2016-11-14T15:57:24","date_gmt":"2016-11-14T18:57:24","guid":{"rendered":"http:\/\/epistemologia.com.br\/revista\/?page_id=650"},"modified":"2017-11-18T14:15:00","modified_gmt":"2017-11-18T17:15:00","slug":"nossos-recursos","status":"publish","type":"page","link":"https:\/\/epistemologia.com.br\/revista\/sobre-a-revista\/nossos-recursos","title":{"rendered":"Nossos Recursos"},"content":{"rendered":"<div class=\"kcite-section\" kcite-section-id=\"650\">\n<p>Temos como nossos princ\u00edpios a acessibilidade, qualidade e gratuidade dos conte\u00fados filos\u00f3ficos de nossa Revista Epistemologia.<\/p>\n<p>Por este motivo utilizamos um sistema de gerenciamento de conte\u00fado em c\u00f3digo livre, <a href=\"http:\/\/wordpress.com\">porque c\u00f3digo tamb\u00e9m \u00e9 poesia<\/a>. Al\u00e9m disto, dispomos de alguns recursos para que voc\u00ea leitor possa utilizar em todos os dispositivos: celulares, tablets, notebooks, desktops e eReaders (Kobo, Kindle e eLev).<\/p>\n<ol>\n<li>Em todas as p\u00e1ginas voc\u00ea pode fazer o download dos artigos da Revista Epistemologia nos formatos PDF, MOBI\u00a0e\u00a0EPUB; al\u00e9m de gerar uma vers\u00e3o impressa.<\/li>\n<li>Utilizamos o sistema HandTalk \u00a0para garantir que os artigos possam ser lidos em LIBRAS.<\/li>\n<li>Os artigos publicados por n\u00f3s est\u00e3o sob a licen\u00e7a Creative Commons 4.0.<\/li>\n<li>Toda a Revista \u00e9 de conte\u00fado livre: pessoas comuns e institui\u00e7\u00f5es podem acessar o conte\u00fado livremente.<\/li>\n<li>Utilizamos o FluxBB, tamb\u00e9m software livre, como software para discuss\u00f5es entre os membros do Corpo Editorial.<\/li>\n<li>Os artigos, tradu\u00e7\u00f5es e afins t\u00eam fluxo gerenciado pelo sistema Open Journal Systems, bem como publica\u00e7\u00e3o redundante dos artigos disponibilizados pela plataforma principal (WordPress).<\/li>\n<li>Utilizamos o software antipl\u00e1gio &#8220;<a href=\"http:\/\/www.copiaecola.com.br\">Copia e Cola<\/a>&#8221; .<\/li>\n<\/ol>\n<p><a href=\"https:\/\/i0.wp.com\/epistemologia.com.br\/revista\/wp-content\/uploads\/2016\/11\/copiaecola-e1509734886140.png?ssl=1\"><img decoding=\"async\" loading=\"lazy\" class=\"wp-image-1382 size-full aligncenter\" src=\"https:\/\/i0.wp.com\/epistemologia.com.br\/revista\/wp-content\/uploads\/2016\/11\/copiaecola-e1509734886140.png?resize=262%2C142&#038;ssl=1\" alt=\"\" width=\"262\" height=\"142\" data-recalc-dims=\"1\" \/><\/a>Neste sentido, escolhemos utilizar o WordPress como gestor principal de conte\u00fado pela portabilidade, facilidade e ferramentas de acessibilidade que possam estar associados a este gerenciador, permitindo uma revista com grande possibilidade de portabilidade entre dispositivos e acessibilidade para diversos leitores.<\/p>\n<p>Recomendamos tamb\u00e9m o uso do aplicativo\u00a0<a href=\"https:\/\/getpocket.com\/\"><em>Pocket<\/em><\/a>, que permite criar uma lista de artigos que voc\u00ea tenha interesse em ler mais tarde (em diversos dispositivos, como <em>tablets, smartphones e eReaders<\/em>). Um dos recursos mais interessantes do Pocket \u00e9 que ele tamb\u00e9m &#8220;l\u00ea&#8221; o conte\u00fado para voc\u00ea em seu\u00a0<em>smartphone.<\/em><\/p>\n<p>Acesse, contribua e compartilhe o nosso conte\u00fado. Nos ajude a manter a revista com conte\u00fado livre.<\/p>\n<!-- kcite active, but no citations found -->\n<\/div> <!-- kcite-section 650 -->","protected":false},"excerpt":{"rendered":"<p>Temos como nossos princ\u00edpios a acessibilidade, qualidade e gratuidade dos conte\u00fados filos\u00f3ficos de nossa Revista Epistemologia. Por este motivo utilizamos um sistema de gerenciamento de conte\u00fado em c\u00f3digo livre, porque c\u00f3digo tamb\u00e9m \u00e9 poesia. Al\u00e9m disto, dispomos de alguns recursos para que voc\u00ea leitor possa utilizar em todos os dispositivos: celulares, tablets, notebooks, desktops e [&hellip;]<\/p>\n","protected":false},"author":1,"featured_media":0,"parent":9,"menu_order":0,"comment_status":"closed","ping_status":"closed","template":"","meta":{"_bbp_topic_count":0,"_bbp_reply_count":0,"_bbp_total_topic_count":0,"_bbp_total_reply_count":0,"_bbp_voice_count":0,"_bbp_anonymous_reply_count":0,"_bbp_topic_count_hidden":0,"_bbp_reply_count_hidden":0,"_bbp_forum_subforum_count":0,"jetpack_post_was_ever_published":false},"aioseo_notices":[],"jetpack_sharing_enabled":true,"jetpack_shortlink":"https:\/\/wp.me\/P86Mw3-au","_links":{"self":[{"href":"https:\/\/epistemologia.com.br\/revista\/wp-json\/wp\/v2\/pages\/650"}],"collection":[{"href":"https:\/\/epistemologia.com.br\/revista\/wp-json\/wp\/v2\/pages"}],"about":[{"href":"https:\/\/epistemologia.com.br\/revista\/wp-json\/wp\/v2\/types\/page"}],"author":[{"embeddable":true,"href":"https:\/\/epistemologia.com.br\/revista\/wp-json\/wp\/v2\/users\/1"}],"replies":[{"embeddable":true,"href":"https:\/\/epistemologia.com.br\/revista\/wp-json\/wp\/v2\/comments?post=650"}],"version-history":[{"count":12,"href":"https:\/\/epistemologia.com.br\/revista\/wp-json\/wp\/v2\/pages\/650\/revisions"}],"predecessor-version":[{"id":1573,"href":"https:\/\/epistemologia.com.br\/revista\/wp-json\/wp\/v2\/pages\/650\/revisions\/1573"}],"up":[{"embeddable":true,"href":"https:\/\/epistemologia.com.br\/revista\/wp-json\/wp\/v2\/pages\/9"}],"wp:attachment":[{"href":"https:\/\/epistemologia.com.br\/revista\/wp-json\/wp\/v2\/media?parent=650"}],"curies":[{"name":"wp","href":"https:\/\/api.w.org\/{rel}","templated":true}]}}