{"id":626,"date":"2016-11-14T15:42:58","date_gmt":"2016-11-14T18:42:58","guid":{"rendered":"http:\/\/epistemologia.com.br\/revista\/?page_id=626"},"modified":"2016-11-14T15:58:26","modified_gmt":"2016-11-14T18:58:26","slug":"ajude-a-manter-a-revista-epistemologia","status":"publish","type":"page","link":"https:\/\/epistemologia.com.br\/revista\/sobre-a-revista\/ajude-a-manter-a-revista-epistemologia","title":{"rendered":"Ajude a manter a Revista Epistemologia"},"content":{"rendered":"<div class=\"kcite-section\" kcite-section-id=\"626\">\n<p>A Revista Epistemologia \u00e9 uma revista de filosofia, focada nos estudos acad\u00eamicos e propaga\u00e7\u00e3o do conhecimento epistemol\u00f3gico e de suas interfaces, primando pela qualidade, acessibilidade e gratuidade. Os artigos veiculados conosco s\u00e3o publicados em Licen\u00e7a Creative Commons vers\u00e3o 4, e n\u00e3o cobramos pelo acesso.<\/p>\n<p>No entanto, para manter todo o sistema on-line funcionando \u00e9 necess\u00e1rio valores monet\u00e1rios:<\/p>\n<p>Mantemos hospedagem, dom\u00ednio\u00a0e\u00a0ISSN (em tr\u00e2mite) e isso \u00e9 feito com a doa\u00e7\u00e3o de alguns colaboradores.<\/p>\n<p><a href=\"http:\/\/arnaldo.neworkcore.eti.br\">A parte t\u00e9cnica<\/a> tamb\u00e9m \u00e9 oferecida por meio de trabalho volunt\u00e1rio, assim como o trabalho de <a href=\"https:\/\/epistemologia.com.br\/revista\/sobre-a-revista\">assessoria t\u00e9cnica-cient\u00edfica para an\u00e1lise dos artigos<\/a>. Os autores tamb\u00e9m constam em nossa lista de colaboradores, pois permitem a publica\u00e7\u00e3o de seus artigos numa licen\u00e7a livre. Porque entendemos que a transmiss\u00e3o deste conhecimento deve ser livre e de f\u00e1cil acesso.<\/p>\n<p>Caso voc\u00ea queira nos ajudar contribuindo com qualquer valor, para que possamos efetuar o pagamento das despesas mencionadas (hospedagem e dom\u00ednio), por favor prossiga clicando no bot\u00e3o\u00a0abaixo.<\/p>\n<p align=\"center\"><!-- INICIO FORMULARIO BOTAO PAGSEGURO --><\/p>\n<form action=\"https:\/\/pagseguro.uol.com.br\/checkout\/v2\/donation.html\" method=\"post\"><!-- N\u00c3O EDITE OS COMANDOS DAS LINHAS ABAIXO --><br \/>\n<input name=\"currency\" type=\"hidden\" value=\"BRL\" \/><br \/>\n<input name=\"receiverEmail\" type=\"hidden\" value=\"arnaldo@networkcore.eti.br\" \/><br \/>\n<input name=\"iot\" type=\"hidden\" value=\"button\" \/><br \/>\n<input alt=\"Pague com PagSeguro - \u00e9 r\u00e1pido, gr\u00e1tis e seguro!\" name=\"submit\" src=\"https:\/\/stc.pagseguro.uol.com.br\/public\/img\/botoes\/doacoes\/120x53-doar-cinza.gif\" type=\"image\" \/><\/form>\n<p><!-- FINAL FORMULARIO BOTAO PAGSEGURO --><\/p>\n<!-- kcite active, but no citations found -->\n<\/div> <!-- kcite-section 626 -->","protected":false},"excerpt":{"rendered":"<p>A Revista Epistemologia \u00e9 uma revista de filosofia, focada nos estudos acad\u00eamicos e propaga\u00e7\u00e3o do conhecimento epistemol\u00f3gico e de suas interfaces, primando pela qualidade, acessibilidade e gratuidade. Os artigos veiculados conosco s\u00e3o publicados em Licen\u00e7a Creative Commons vers\u00e3o 4, e n\u00e3o cobramos pelo acesso. No entanto, para manter todo o sistema on-line funcionando \u00e9 necess\u00e1rio [&hellip;]<\/p>\n","protected":false},"author":1,"featured_media":0,"parent":9,"menu_order":0,"comment_status":"closed","ping_status":"closed","template":"","meta":{"_bbp_topic_count":0,"_bbp_reply_count":0,"_bbp_total_topic_count":0,"_bbp_total_reply_count":0,"_bbp_voice_count":0,"_bbp_anonymous_reply_count":0,"_bbp_topic_count_hidden":0,"_bbp_reply_count_hidden":0,"_bbp_forum_subforum_count":0,"jetpack_post_was_ever_published":false},"aioseo_notices":[],"jetpack_sharing_enabled":true,"jetpack_shortlink":"https:\/\/wp.me\/P86Mw3-a6","_links":{"self":[{"href":"https:\/\/epistemologia.com.br\/revista\/wp-json\/wp\/v2\/pages\/626"}],"collection":[{"href":"https:\/\/epistemologia.com.br\/revista\/wp-json\/wp\/v2\/pages"}],"about":[{"href":"https:\/\/epistemologia.com.br\/revista\/wp-json\/wp\/v2\/types\/page"}],"author":[{"embeddable":true,"href":"https:\/\/epistemologia.com.br\/revista\/wp-json\/wp\/v2\/users\/1"}],"replies":[{"embeddable":true,"href":"https:\/\/epistemologia.com.br\/revista\/wp-json\/wp\/v2\/comments?post=626"}],"version-history":[{"count":5,"href":"https:\/\/epistemologia.com.br\/revista\/wp-json\/wp\/v2\/pages\/626\/revisions"}],"predecessor-version":[{"id":666,"href":"https:\/\/epistemologia.com.br\/revista\/wp-json\/wp\/v2\/pages\/626\/revisions\/666"}],"up":[{"embeddable":true,"href":"https:\/\/epistemologia.com.br\/revista\/wp-json\/wp\/v2\/pages\/9"}],"wp:attachment":[{"href":"https:\/\/epistemologia.com.br\/revista\/wp-json\/wp\/v2\/media?parent=626"}],"curies":[{"name":"wp","href":"https:\/\/api.w.org\/{rel}","templated":true}]}}