{"id":51,"date":"2016-04-27T01:11:14","date_gmt":"2016-04-27T04:11:14","guid":{"rendered":"http:\/\/epistemologia.com.br\/revista\/?page_id=51"},"modified":"2023-05-04T23:53:49","modified_gmt":"2023-05-05T02:53:49","slug":"revista-epistemologia","status":"publish","type":"page","link":"https:\/\/epistemologia.com.br\/revista\/","title":{"rendered":"Revista Epistemologia"},"content":{"rendered":"<div class=\"kcite-section\" kcite-section-id=\"51\">\n<p><meta http-equiv=\"refresh\" content=\"15; URL='https:\/\/epistemologia.com.br\/academico\/index.php\/epistemologia'\"\/><\/p>\n<p style=\"text-align: justify;\"><img decoding=\"async\" loading=\"lazy\" class=\"alignleft size-full wp-image-1820\" src=\"https:\/\/i0.wp.com\/epistemologia.com.br\/revista\/wp-content\/uploads\/2023\/05\/capav4.png?resize=212%2C291&#038;ssl=1\" alt=\"\" width=\"212\" height=\"291\" data-recalc-dims=\"1\" \/>A Revista Epistemologia \u00e9 uma revista de Filosofia, com \u00eanfase em epistemologia e suas interfaces. O acesso \u00e9 gratuito e suas edi\u00e7\u00f5es s\u00e3o livres para diversos pesquisadores.<\/p>\n<p style=\"text-align: justify;\"><strong>ATEN\u00c7\u00c3O:<\/strong> Desde o volume 3, n\u00famero 3, a Revista Epistemologia \u00e9 publicada em: <a href=\"http:\/\/academico.epistemologia.com.br\">https:\/\/academico.epistemologia.com.br<\/a><\/p>\n<p><strong>INFORMAMOS QUE AS SUBMISS\u00d5ES DE ARTIGOS DEVEM SER FEITAS NO LINK <a href=\"https:\/\/epistemologia.com.br\/academico\/index.php\/epistemologia\/about\/submissions\">https:\/\/epistemologia.com.br\/academico\/index.php\/epistemologia\/about\/submissions<\/a>. <\/strong><\/p>\n<p>O m\u00e9todo anterior de envio encontra-se desativado, n\u00e3o aceitando novas submiss\u00f5es desde o final da edi\u00e7\u00e3o v.2, n.2. <strong>PARA SUBMISS\u00c3O NO NOVO M\u00c9TODO DEVE-SE UTILIZAR O LINK: <a href=\"https:\/\/epistemologia.com.br\/academico\/index.php\/epistemologia\/about\/submissions\">https:\/\/epistemologia.com.br\/academico\/index.php\/epistemologia\/about\/submissions<\/a><\/strong><\/p>\n<p>Esta p\u00e1gina <strong>ser\u00e1 redirecionada<\/strong> em 15 segundos para a plataforma dos novos n\u00fameros. Caso queira cancelar, clique <a title=\"Sobre a Revista\" href=\"https:\/\/epistemologia.com.br\/revista\/sobre-a-revista\">aqui<\/a>.<\/p>\n<p>Para submeter artigo acesse: <a href=\"https:\/\/epistemologia.com.br\/academico\/index.php\/epistemologia\/about\/submissions\">https:\/\/epistemologia.com.br\/academico\/index.php\/epistemologia\/about\/submissions<\/a><\/p>\n<p>&nbsp;<\/p>\n<!-- kcite active, but no citations found -->\n<\/div> <!-- kcite-section 51 -->","protected":false},"excerpt":{"rendered":"<p>A Revista Epistemologia \u00e9 uma revista de Filosofia, com \u00eanfase em epistemologia e suas interfaces. O acesso \u00e9 gratuito e suas edi\u00e7\u00f5es s\u00e3o livres para diversos pesquisadores. ATEN\u00c7\u00c3O: Desde o volume 3, n\u00famero 3, a Revista Epistemologia \u00e9 publicada em: https:\/\/academico.epistemologia.com.br INFORMAMOS QUE AS SUBMISS\u00d5ES DE ARTIGOS DEVEM SER FEITAS NO LINK https:\/\/epistemologia.com.br\/academico\/index.php\/epistemologia\/about\/submissions. O m\u00e9todo [&hellip;]<\/p>\n","protected":false},"author":1,"featured_media":0,"parent":0,"menu_order":0,"comment_status":"closed","ping_status":"closed","template":"","meta":{"_bbp_topic_count":0,"_bbp_reply_count":0,"_bbp_total_topic_count":0,"_bbp_total_reply_count":0,"_bbp_voice_count":0,"_bbp_anonymous_reply_count":0,"_bbp_topic_count_hidden":0,"_bbp_reply_count_hidden":0,"_bbp_forum_subforum_count":0,"jetpack_post_was_ever_published":false},"aioseo_notices":[],"jetpack_sharing_enabled":true,"jetpack_shortlink":"https:\/\/wp.me\/P86Mw3-P","_links":{"self":[{"href":"https:\/\/epistemologia.com.br\/revista\/wp-json\/wp\/v2\/pages\/51"}],"collection":[{"href":"https:\/\/epistemologia.com.br\/revista\/wp-json\/wp\/v2\/pages"}],"about":[{"href":"https:\/\/epistemologia.com.br\/revista\/wp-json\/wp\/v2\/types\/page"}],"author":[{"embeddable":true,"href":"https:\/\/epistemologia.com.br\/revista\/wp-json\/wp\/v2\/users\/1"}],"replies":[{"embeddable":true,"href":"https:\/\/epistemologia.com.br\/revista\/wp-json\/wp\/v2\/comments?post=51"}],"version-history":[{"count":25,"href":"https:\/\/epistemologia.com.br\/revista\/wp-json\/wp\/v2\/pages\/51\/revisions"}],"predecessor-version":[{"id":1821,"href":"https:\/\/epistemologia.com.br\/revista\/wp-json\/wp\/v2\/pages\/51\/revisions\/1821"}],"wp:attachment":[{"href":"https:\/\/epistemologia.com.br\/revista\/wp-json\/wp\/v2\/media?parent=51"}],"curies":[{"name":"wp","href":"https:\/\/api.w.org\/{rel}","templated":true}]}}