{"id":399,"date":"2016-07-08T18:07:39","date_gmt":"2016-07-08T21:07:39","guid":{"rendered":"http:\/\/epistemologia.com.br\/revista\/?page_id=399"},"modified":"2022-02-26T16:08:13","modified_gmt":"2022-02-26T19:08:13","slug":"inscricao-para-colaboradores-do-corpo-tecnico-cientifico-editorial","status":"publish","type":"page","link":"https:\/\/epistemologia.com.br\/revista\/chamada-de-artigos-continua\/inscricao-para-colaboradores-do-corpo-tecnico-cientifico-editorial","title":{"rendered":"Inscri\u00e7\u00e3o para Colaboradores do Corpo-T\u00e9cnico-Cient\u00edfico-Editorial"},"content":{"rendered":"<div class=\"kcite-section\" kcite-section-id=\"399\">\n<p>A Revista Epistemologia est\u00e1 com inscri\u00e7\u00f5es para os Colaboradores T\u00e9cnico-Cient\u00edfico-Editorial.<\/p>\n<p>Para se inscrever deve-se enviar um email para colaboradores@epistemologia.com.br. Devendo conter no corpo do email:<\/p>\n<ol>\n<li>Nome completo.<\/li>\n<li><em>Hiperlink\u00a0<\/em>para o Curr\u00edculo Lattes e\/ou PDF do mesmo anexado.<\/li>\n<li>Telefone de contato.<\/li>\n<\/ol>\n<p><strong>\u00c9 necess\u00e1rio fazer cadastro tamb\u00e9m no site<a href=\"https:\/\/epistemologia.com.br\/academico\/index.php\/Revista-Epismologia\/user\/register\"> https:\/\/epistemologia.com.br\/academico\/index.php\/Revista-Epismologia\/user\/register<\/a><\/strong><\/p>\n<p>Para tanto alguns pontos dever\u00e3o ser levados em considera\u00e7\u00e3o:<\/p>\n<ul>\n<li>A colabora\u00e7\u00e3o \u00e9 uma forma de doa\u00e7\u00e3o para a manuten\u00e7\u00e3o da revista. N\u00e3o temos como remunerar a colabora\u00e7\u00e3o e ela n\u00e3o representa v\u00ednculo empregat\u00edcio. Precisamos da colabora\u00e7\u00e3o para o corpo t\u00e9cnico-cient\u00edfico para an\u00e1lise de artigos.<\/li>\n<li>O colaborador do corpo t\u00e9cnico-cient\u00edfico ser\u00e1 respons\u00e1vel por analisar artigos submetidos \u00e0 revista &#8211; sem conhecimento do autor.<\/li>\n<li>O colaborador ter\u00e1 seu nome veiculado no editorial de cada edi\u00e7\u00e3o em que estiver como colaborador.<\/li>\n<li>O colaborador far\u00e1 parte do grupo que comp\u00f5e a Revista.<\/li>\n<\/ul>\n<!-- kcite active, but no citations found -->\n<\/div> <!-- kcite-section 399 -->","protected":false},"excerpt":{"rendered":"<p>A Revista Epistemologia est\u00e1 com inscri\u00e7\u00f5es para os Colaboradores T\u00e9cnico-Cient\u00edfico-Editorial. Para se inscrever deve-se enviar um email para colaboradores@epistemologia.com.br. Devendo conter no corpo do email: Nome completo. Hiperlink\u00a0para o Curr\u00edculo Lattes e\/ou PDF do mesmo anexado. Telefone de contato. \u00c9 necess\u00e1rio fazer cadastro tamb\u00e9m no site https:\/\/epistemologia.com.br\/academico\/index.php\/Revista-Epismologia\/user\/register Para tanto alguns pontos dever\u00e3o ser levados em [&hellip;]<\/p>\n","protected":false},"author":1,"featured_media":0,"parent":90,"menu_order":0,"comment_status":"closed","ping_status":"closed","template":"","meta":{"_bbp_topic_count":0,"_bbp_reply_count":0,"_bbp_total_topic_count":0,"_bbp_total_reply_count":0,"_bbp_voice_count":0,"_bbp_anonymous_reply_count":0,"_bbp_topic_count_hidden":0,"_bbp_reply_count_hidden":0,"_bbp_forum_subforum_count":0,"jetpack_post_was_ever_published":false},"aioseo_notices":[],"jetpack_sharing_enabled":true,"jetpack_shortlink":"https:\/\/wp.me\/P86Mw3-6r","_links":{"self":[{"href":"https:\/\/epistemologia.com.br\/revista\/wp-json\/wp\/v2\/pages\/399"}],"collection":[{"href":"https:\/\/epistemologia.com.br\/revista\/wp-json\/wp\/v2\/pages"}],"about":[{"href":"https:\/\/epistemologia.com.br\/revista\/wp-json\/wp\/v2\/types\/page"}],"author":[{"embeddable":true,"href":"https:\/\/epistemologia.com.br\/revista\/wp-json\/wp\/v2\/users\/1"}],"replies":[{"embeddable":true,"href":"https:\/\/epistemologia.com.br\/revista\/wp-json\/wp\/v2\/comments?post=399"}],"version-history":[{"count":4,"href":"https:\/\/epistemologia.com.br\/revista\/wp-json\/wp\/v2\/pages\/399\/revisions"}],"predecessor-version":[{"id":1721,"href":"https:\/\/epistemologia.com.br\/revista\/wp-json\/wp\/v2\/pages\/399\/revisions\/1721"}],"up":[{"embeddable":true,"href":"https:\/\/epistemologia.com.br\/revista\/wp-json\/wp\/v2\/pages\/90"}],"wp:attachment":[{"href":"https:\/\/epistemologia.com.br\/revista\/wp-json\/wp\/v2\/media?parent=399"}],"curies":[{"name":"wp","href":"https:\/\/api.w.org\/{rel}","templated":true}]}}