{"id":321,"date":"2016-12-16T00:00:06","date_gmt":"2016-12-16T03:00:06","guid":{"rendered":"http:\/\/epistemologia.com.br\/revista\/?page_id=321"},"modified":"2024-12-27T21:20:27","modified_gmt":"2024-12-28T00:20:27","slug":"revista-epistemologia-v-1-n-1-2016-capasumario","status":"publish","type":"page","link":"https:\/\/epistemologia.com.br\/revista\/edicoes-anteriores\/revista-epistemologia-v-1-n-1-2016-capasumario","title":{"rendered":"Revista Epistemologia <br> <small><small>v.1, n.1, (2016) <br>  Capa\/Sum\u00e1rio<\/small><\/small>"},"content":{"rendered":"<div class=\"kcite-section\" kcite-section-id=\"321\">\n<h1 style=\"text-align: center;\">Revista Epistemologia<\/h1>\n<pre>v.1, n. 1, (2016)\r\n\r\nISSN - 2526-4761<\/pre>\n<p><img decoding=\"async\" loading=\"lazy\" class=\"wp-image-322 size-full aligncenter\" src=\"https:\/\/i0.wp.com\/epistemologia.com.br\/revista\/wp-content\/uploads\/2016\/06\/ReneMagritte-Iltelescopio.jpg?resize=770%2C1193&#038;ssl=1\" alt=\"O Telesc\u00f3pio - Ren\u00e9 Magritte - 1963\" width=\"770\" height=\"1193\" srcset=\"https:\/\/i0.wp.com\/epistemologia.com.br\/revista\/wp-content\/uploads\/2016\/06\/ReneMagritte-Iltelescopio.jpg?w=770&amp;ssl=1 770w, https:\/\/i0.wp.com\/epistemologia.com.br\/revista\/wp-content\/uploads\/2016\/06\/ReneMagritte-Iltelescopio.jpg?resize=194%2C300&amp;ssl=1 194w, https:\/\/i0.wp.com\/epistemologia.com.br\/revista\/wp-content\/uploads\/2016\/06\/ReneMagritte-Iltelescopio.jpg?resize=768%2C1190&amp;ssl=1 768w, https:\/\/i0.wp.com\/epistemologia.com.br\/revista\/wp-content\/uploads\/2016\/06\/ReneMagritte-Iltelescopio.jpg?resize=661%2C1024&amp;ssl=1 661w\" sizes=\"(max-width: 770px) 100vw, 770px\" data-recalc-dims=\"1\" \/><\/p>\n<p>&nbsp;<\/p>\n<p style=\"text-align: center;\"><em>O Telesc\u00f3pio &#8211; Ren\u00e9 Magritte &#8211; 1963<\/em><\/p>\n<p>&nbsp;<\/p>\n<p><strong>SUM\u00c1RIO<\/strong><\/p>\n<p><a href=\"https:\/\/epistemologia.com.br\/revista\/revista-epistemologia\/expediente-editorial\">Expediente<\/a><\/p>\n<p><a href=\"https:\/\/epistemologia.com.br\/revista\/279-editorial-v-1-n-1-2016.html\">Editorial &#8211; Epistemologia o que \u00e9?<\/a><br \/>\n<em>(Arnaldo Vasconcellos)<\/em><\/p>\n<p><a href=\"https:\/\/epistemologia.com.br\/revista\/313-dasein-e-zuhanden-em-martin-heidegger-o-realismo-de-entidades-em-ian-hacking-e-o-convencionalismo-para-impactar-positivamente-o-meio-ambiente.html\">Dasein e Zuhanden em Martin Heidegger, o Realismo de Entidades em Ian Hacking e o Convencionalismo para Impactar Positivamente o Meio Ambiente<\/a><br \/>\n<em>(Paulo Renato Lima)<\/em><\/p>\n<p><a href=\"https:\/\/epistemologia.com.br\/revista\/572-a-questao-do-logos-em-heidegger-e-lyotard-a-urgencia-de-um-outro-pensar-na-condicao-pos-moderna.html\">A Quest\u00e3o do Logos em Heidegger e Lyotard: A urg\u00eancia de um \u201coutro pensar\u201d na condi\u00e7\u00e3o p\u00f3s-moderna<\/a><br \/>\n<em>(Bruno Pedroso Lima Silva)<\/em><\/p>\n<h5><\/h5>\n<h5 style=\"text-align: center;\">&#8211; Todos os artigos representam as opini\u00f5es dos respectivos autores e s\u00e3o de sua responsabilidade e n\u00e3o representam necessariamente a posi\u00e7\u00e3o filos\u00f3fica, pol\u00edtica ou cultural dos demais membros constituintes da Revista Epistemologia &#8211;<\/h5>\n<!-- kcite active, but no citations found -->\n<\/div> <!-- kcite-section 321 -->","protected":false},"excerpt":{"rendered":"<p>Revista Epistemologia v.1, n. 1, (2016) ISSN &#8211; 2526-4761 &nbsp; O Telesc\u00f3pio &#8211; Ren\u00e9 Magritte &#8211; 1963 &nbsp; SUM\u00c1RIO Expediente Editorial &#8211; Epistemologia o que \u00e9? (Arnaldo Vasconcellos) Dasein e Zuhanden em Martin Heidegger, o Realismo de Entidades em Ian Hacking e o Convencionalismo para Impactar Positivamente o Meio Ambiente (Paulo Renato Lima) A Quest\u00e3o [&hellip;]<\/p>\n","protected":false},"author":1,"featured_media":322,"parent":22,"menu_order":0,"comment_status":"closed","ping_status":"closed","template":"","meta":{"_bbp_topic_count":0,"_bbp_reply_count":0,"_bbp_total_topic_count":0,"_bbp_total_reply_count":0,"_bbp_voice_count":0,"_bbp_anonymous_reply_count":0,"_bbp_topic_count_hidden":0,"_bbp_reply_count_hidden":0,"_bbp_forum_subforum_count":0,"jetpack_post_was_ever_published":false},"aioseo_notices":[],"jetpack_sharing_enabled":true,"jetpack_shortlink":"https:\/\/wp.me\/P86Mw3-5b","_links":{"self":[{"href":"https:\/\/epistemologia.com.br\/revista\/wp-json\/wp\/v2\/pages\/321"}],"collection":[{"href":"https:\/\/epistemologia.com.br\/revista\/wp-json\/wp\/v2\/pages"}],"about":[{"href":"https:\/\/epistemologia.com.br\/revista\/wp-json\/wp\/v2\/types\/page"}],"author":[{"embeddable":true,"href":"https:\/\/epistemologia.com.br\/revista\/wp-json\/wp\/v2\/users\/1"}],"replies":[{"embeddable":true,"href":"https:\/\/epistemologia.com.br\/revista\/wp-json\/wp\/v2\/comments?post=321"}],"version-history":[{"count":30,"href":"https:\/\/epistemologia.com.br\/revista\/wp-json\/wp\/v2\/pages\/321\/revisions"}],"predecessor-version":[{"id":1898,"href":"https:\/\/epistemologia.com.br\/revista\/wp-json\/wp\/v2\/pages\/321\/revisions\/1898"}],"up":[{"embeddable":true,"href":"https:\/\/epistemologia.com.br\/revista\/wp-json\/wp\/v2\/pages\/22"}],"wp:featuredmedia":[{"embeddable":true,"href":"https:\/\/epistemologia.com.br\/revista\/wp-json\/wp\/v2\/media\/322"}],"wp:attachment":[{"href":"https:\/\/epistemologia.com.br\/revista\/wp-json\/wp\/v2\/media?parent=321"}],"curies":[{"name":"wp","href":"https:\/\/api.w.org\/{rel}","templated":true}]}}