{"id":31,"date":"2016-04-26T14:52:42","date_gmt":"2016-04-26T14:52:42","guid":{"rendered":"http:\/\/epistemologia.com.br\/revista\/?page_id=31"},"modified":"2018-05-21T15:34:52","modified_gmt":"2018-05-21T18:34:52","slug":"expediente-editorial","status":"publish","type":"page","link":"https:\/\/epistemologia.com.br\/revista\/revista-epistemologia\/expediente-editorial","title":{"rendered":"Expediente"},"content":{"rendered":"<div class=\"kcite-section\" kcite-section-id=\"31\">\n<p style=\"text-align: center;\"><strong>Revista Epistemologia<\/strong><\/p>\n<p style=\"text-align: center;\"><small>ISSN 2526-4761<small><\/small><\/small><\/p>\n<p style=\"text-align: center;\">Revista Epistemologia &#8211; Revista de Filosofia em suporte <em>on-line. <\/em>Regime de periodicidade semestral.<\/p>\n<p><strong>Autores Fundadores &#8211;<\/strong>\u00a0<a href=\"http:\/\/lattes.cnpq.br\/0774393776168325\">Bruno Pedroso Lima Silva<\/a> \/<strong>\u00a0<\/strong><a href=\"http:\/\/lattes.cnpq.br\/0993795258592247\">Dorval Fagundes Furtado Junior<\/a> \/\u00a0<a href=\"http:\/\/lattes.cnpq.br\/5411717002094285\">Paulo Renato Lima<\/a><\/p>\n<p><strong>Colaboradores T\u00e9cnico-Cient\u00edfico &#8211;<\/strong>\u00a0<a href=\"http:\/\/lattes.cnpq.br\/5432653356505523\">Campo El\u00edas Fl\u00f3rez Pab\u00f3n<\/a> \/\u00a0<a href=\"http:\/\/lattes.cnpq.br\/7167150173888592\">Jeane Vanessa Santos Silva<\/a> \/\u00a0<a href=\"http:\/\/lattes.cnpq.br\/4173298277911614\">Jenny Patricia Acevedo Rinc\u00f3n<\/a><\/p>\n<p><strong>Coordenador Editorial &#8211;<\/strong> <a href=\"http:\/\/lattes.cnpq.br\/1018334959495676\">Arnaldo Vasconcellos<\/a><\/p>\n<p style=\"text-align: center;\"><small><small>A Revista Epistemologia \u00e9 publicada independentemente.<\/small><\/small><\/p>\n<p><!--more--><\/p>\n<h6 style=\"text-align: center;\">Para contato: arnaldo@networkcore.eti.br \/ artigos@epistemologia.com.br<\/h6>\n<!-- kcite active, but no citations found -->\n<\/div> <!-- kcite-section 31 -->","protected":false},"excerpt":{"rendered":"<p>Revista Epistemologia ISSN 2526-4761 Revista Epistemologia &#8211; Revista de Filosofia em suporte on-line. Regime de periodicidade semestral. Autores Fundadores &#8211;\u00a0Bruno Pedroso Lima Silva \/\u00a0Dorval Fagundes Furtado Junior \/\u00a0Paulo Renato Lima Colaboradores T\u00e9cnico-Cient\u00edfico &#8211;\u00a0Campo El\u00edas Fl\u00f3rez Pab\u00f3n \/\u00a0Jeane Vanessa Santos Silva \/\u00a0Jenny Patricia Acevedo Rinc\u00f3n Coordenador Editorial &#8211; Arnaldo Vasconcellos A Revista Epistemologia \u00e9 publicada independentemente.<\/p>\n","protected":false},"author":1,"featured_media":0,"parent":51,"menu_order":0,"comment_status":"closed","ping_status":"closed","template":"","meta":{"_bbp_topic_count":0,"_bbp_reply_count":0,"_bbp_total_topic_count":0,"_bbp_total_reply_count":0,"_bbp_voice_count":0,"_bbp_anonymous_reply_count":0,"_bbp_topic_count_hidden":0,"_bbp_reply_count_hidden":0,"_bbp_forum_subforum_count":0,"jetpack_post_was_ever_published":false},"aioseo_notices":[],"jetpack_sharing_enabled":true,"jetpack_shortlink":"https:\/\/wp.me\/P86Mw3-v","_links":{"self":[{"href":"https:\/\/epistemologia.com.br\/revista\/wp-json\/wp\/v2\/pages\/31"}],"collection":[{"href":"https:\/\/epistemologia.com.br\/revista\/wp-json\/wp\/v2\/pages"}],"about":[{"href":"https:\/\/epistemologia.com.br\/revista\/wp-json\/wp\/v2\/types\/page"}],"author":[{"embeddable":true,"href":"https:\/\/epistemologia.com.br\/revista\/wp-json\/wp\/v2\/users\/1"}],"replies":[{"embeddable":true,"href":"https:\/\/epistemologia.com.br\/revista\/wp-json\/wp\/v2\/comments?post=31"}],"version-history":[{"count":17,"href":"https:\/\/epistemologia.com.br\/revista\/wp-json\/wp\/v2\/pages\/31\/revisions"}],"predecessor-version":[{"id":1608,"href":"https:\/\/epistemologia.com.br\/revista\/wp-json\/wp\/v2\/pages\/31\/revisions\/1608"}],"up":[{"embeddable":true,"href":"https:\/\/epistemologia.com.br\/revista\/wp-json\/wp\/v2\/pages\/51"}],"wp:attachment":[{"href":"https:\/\/epistemologia.com.br\/revista\/wp-json\/wp\/v2\/media?parent=31"}],"curies":[{"name":"wp","href":"https:\/\/api.w.org\/{rel}","templated":true}]}}