{"id":1363,"date":"2017-11-13T08:18:12","date_gmt":"2017-11-13T11:18:12","guid":{"rendered":"http:\/\/epistemologia.com.br\/revista\/?page_id=1363"},"modified":"2017-11-17T23:51:01","modified_gmt":"2017-11-18T02:51:01","slug":"revista-epistemologia-v-2-n-2-2017-capasumario","status":"publish","type":"page","link":"https:\/\/epistemologia.com.br\/revista\/edicoes-anteriores\/revista-epistemologia-v-2-n-2-2017-capasumario","title":{"rendered":"Revista Epistemologia <br> <small><small>v.2, n.2, (2017) <br>  Capa\/Sum\u00e1rio<\/small><\/small>"},"content":{"rendered":"<div class=\"kcite-section\" kcite-section-id=\"1363\">\n<h1 style=\"text-align: center;\">Revista Epistemologia<\/h1>\n<pre>v.2, n. 2, (2017)\r\n\r\nISSN - 2526-4761<\/pre>\n<div id=\"attachment_1364\" style=\"width: 771px\" class=\"wp-caption aligncenter\"><a href=\"https:\/\/i0.wp.com\/epistemologia.com.br\/revista\/wp-content\/uploads\/2017\/10\/Rene-Magritte-La-R\u00e9production-Interdite.jpg?ssl=1\"><img aria-describedby=\"caption-attachment-1364\" decoding=\"async\" loading=\"lazy\" class=\"wp-image-1364 size-full\" src=\"https:\/\/i0.wp.com\/epistemologia.com.br\/revista\/wp-content\/uploads\/2017\/10\/Rene-Magritte-La-R\u00e9production-Interdite.jpg?resize=771%2C988&#038;ssl=1\" alt=\"La r\u00e9production interdite - 1937\" width=\"771\" height=\"988\" srcset=\"https:\/\/i0.wp.com\/epistemologia.com.br\/revista\/wp-content\/uploads\/2017\/10\/Rene-Magritte-La-R\u00e9production-Interdite.jpg?w=771&amp;ssl=1 771w, https:\/\/i0.wp.com\/epistemologia.com.br\/revista\/wp-content\/uploads\/2017\/10\/Rene-Magritte-La-R\u00e9production-Interdite.jpg?resize=234%2C300&amp;ssl=1 234w, https:\/\/i0.wp.com\/epistemologia.com.br\/revista\/wp-content\/uploads\/2017\/10\/Rene-Magritte-La-R\u00e9production-Interdite.jpg?resize=768%2C984&amp;ssl=1 768w\" sizes=\"(max-width: 771px) 100vw, 771px\" data-recalc-dims=\"1\" \/><\/a><p id=\"caption-attachment-1364\" class=\"wp-caption-text\">La r\u00e9production interdite &#8211; 1937 (Ren\u00e9 Magritte)<\/p><\/div>\n<p><strong>SUM\u00c1RIO<\/strong><\/p>\n<p><a href=\"https:\/\/epistemologia.com.br\/revista\/1286-expediente-v-2-n-2-2017.html\">Expediente<\/a><\/p>\n<p><a href=\"https:\/\/epistemologia.com.br\/revista\/1243-editorial-v-2-n-2-2017.html\">Editorial &#8211; Epistemologia e suas poss\u00edveis interse\u00e7\u00f5es sociais<\/a><br \/>\n<em>(Arnaldo Vasconcellos)<\/em><\/p>\n<p><a href=\"https:\/\/epistemologia.com.br\/revista\/1334-agindo-num-mundo-desde-sempre-familiar-perspectivas-etnometodologicas-sobre-acao-social.html\">Agindo num mundo desde sempre familiar: perspectivas etnometodol\u00f3gicas sobre a\u00e7\u00e3o social<\/a><br \/>\n<em>(Alexandra Aguirre)<\/em><\/p>\n<p><a href=\"https:\/\/epistemologia.com.br\/revista\/1361-individuo-comunidade-e-ascensao-social-a-falta-de-reconhecimento-no-espaco-publico-como-forma-de-naturalizacao-das-desigualdades-e-marginalizacao-social.html\">Indiv\u00edduo, comunidade e ascens\u00e3o social: a falta de reconhecimento no espa\u00e7o p\u00fablico como forma de naturaliza\u00e7\u00e3o das desigualdades e marginaliza\u00e7\u00e3o social<\/a><br \/>\n<em>(Neylton Allan Costa Santos)<\/em><\/p>\n<p>&nbsp;<\/p>\n<h5 style=\"text-align: center;\">\u00a0&#8211; Todos os artigos representam as opini\u00f5es dos respectivos autores e s\u00e3o de sua responsabilidade e n\u00e3o representam necessariamente a posi\u00e7\u00e3o filos\u00f3fica, pol\u00edtica ou cultural dos demais membros constituintes da Revista Epistemologia &#8211;<\/h5>\n<!-- kcite active, but no citations found -->\n<\/div> <!-- kcite-section 1363 -->","protected":false},"excerpt":{"rendered":"<p>Revista Epistemologia v.2, n. 2, (2017) ISSN &#8211; 2526-4761 SUM\u00c1RIO Expediente Editorial &#8211; Epistemologia e suas poss\u00edveis interse\u00e7\u00f5es sociais (Arnaldo Vasconcellos) Agindo num mundo desde sempre familiar: perspectivas etnometodol\u00f3gicas sobre a\u00e7\u00e3o social (Alexandra Aguirre) Indiv\u00edduo, comunidade e ascens\u00e3o social: a falta de reconhecimento no espa\u00e7o p\u00fablico como forma de naturaliza\u00e7\u00e3o das desigualdades e marginaliza\u00e7\u00e3o social [&hellip;]<\/p>\n","protected":false},"author":1,"featured_media":1364,"parent":22,"menu_order":0,"comment_status":"closed","ping_status":"closed","template":"","meta":{"_bbp_topic_count":0,"_bbp_reply_count":0,"_bbp_total_topic_count":0,"_bbp_total_reply_count":0,"_bbp_voice_count":0,"_bbp_anonymous_reply_count":0,"_bbp_topic_count_hidden":0,"_bbp_reply_count_hidden":0,"_bbp_forum_subforum_count":0,"jetpack_post_was_ever_published":false},"aioseo_notices":[],"jetpack_sharing_enabled":true,"jetpack_shortlink":"https:\/\/wp.me\/P86Mw3-lZ","_links":{"self":[{"href":"https:\/\/epistemologia.com.br\/revista\/wp-json\/wp\/v2\/pages\/1363"}],"collection":[{"href":"https:\/\/epistemologia.com.br\/revista\/wp-json\/wp\/v2\/pages"}],"about":[{"href":"https:\/\/epistemologia.com.br\/revista\/wp-json\/wp\/v2\/types\/page"}],"author":[{"embeddable":true,"href":"https:\/\/epistemologia.com.br\/revista\/wp-json\/wp\/v2\/users\/1"}],"replies":[{"embeddable":true,"href":"https:\/\/epistemologia.com.br\/revista\/wp-json\/wp\/v2\/comments?post=1363"}],"version-history":[{"count":10,"href":"https:\/\/epistemologia.com.br\/revista\/wp-json\/wp\/v2\/pages\/1363\/revisions"}],"predecessor-version":[{"id":1569,"href":"https:\/\/epistemologia.com.br\/revista\/wp-json\/wp\/v2\/pages\/1363\/revisions\/1569"}],"up":[{"embeddable":true,"href":"https:\/\/epistemologia.com.br\/revista\/wp-json\/wp\/v2\/pages\/22"}],"wp:featuredmedia":[{"embeddable":true,"href":"https:\/\/epistemologia.com.br\/revista\/wp-json\/wp\/v2\/media\/1364"}],"wp:attachment":[{"href":"https:\/\/epistemologia.com.br\/revista\/wp-json\/wp\/v2\/media?parent=1363"}],"curies":[{"name":"wp","href":"https:\/\/api.w.org\/{rel}","templated":true}]}}